{"id":17,"date":"2022-10-18T10:54:48","date_gmt":"2022-10-18T10:54:48","guid":{"rendered":"https:\/\/www.erolhavuz.com\/?page_id=17"},"modified":"2023-02-09T18:53:15","modified_gmt":"2023-02-09T18:53:15","slug":"sik-sorulan-sorular","status":"publish","type":"page","link":"https:\/\/www.erolhavuz.com\/en\/sik-sorulan-sorular\/","title":{"rendered":"S\u0131k Sorulan Sorular"},"content":{"rendered":"<div data-elementor-type=\"wp-page\" data-elementor-id=\"17\" class=\"elementor elementor-17\">\n\t\t\t\t\t\t\t\t\t<section class=\"elementor-section elementor-top-section elementor-element elementor-element-eaa794a elementor-section-full_width elementor-section-stretched elementor-section-height-default elementor-section-height-default parallax_section_no qode_elementor_container_no\" data-id=\"eaa794a\" data-element_type=\"section\" data-settings=\"{&quot;stretch_section&quot;:&quot;section-stretched&quot;}\">\n\t\t\t\t\t\t<div class=\"elementor-container elementor-column-gap-wider\">\n\t\t\t\t\t<div class=\"elementor-column elementor-col-100 elementor-top-column elementor-element elementor-element-220e75f\" data-id=\"220e75f\" data-element_type=\"column\" data-settings=\"{&quot;background_background&quot;:&quot;classic&quot;}\">\n\t\t\t<div class=\"elementor-widget-wrap elementor-element-populated\">\n\t\t\t\t\t\t\t\t<section class=\"elementor-section elementor-inner-section elementor-element elementor-element-4c859e1 elementor-section-boxed elementor-section-height-default elementor-section-height-default parallax_section_no qode_elementor_container_no\" data-id=\"4c859e1\" data-element_type=\"section\">\n\t\t\t\t\t\t<div class=\"elementor-container elementor-column-gap-default\">\n\t\t\t\t\t<div class=\"elementor-column elementor-col-50 elementor-inner-column elementor-element elementor-element-6b964f8\" data-id=\"6b964f8\" data-element_type=\"column\">\n\t\t\t<div class=\"elementor-widget-wrap elementor-element-populated\">\n\t\t\t\t\t\t\t\t<div class=\"elementor-element elementor-element-8745407 elementor-widget elementor-widget-heading\" data-id=\"8745407\" data-element_type=\"widget\" data-widget_type=\"heading.default\">\n\t\t\t\t<div class=\"elementor-widget-container\">\n\t\t\t<style>\/*! elementor - v3.18.0 - 06-12-2023 *\/\n.elementor-heading-title{padding:0;margin:0;line-height:1}.elementor-widget-heading .elementor-heading-title[class*=elementor-size-]>a{color:inherit;font-size:inherit;line-height:inherit}.elementor-widget-heading .elementor-heading-title.elementor-size-small{font-size:15px}.elementor-widget-heading .elementor-heading-title.elementor-size-medium{font-size:19px}.elementor-widget-heading .elementor-heading-title.elementor-size-large{font-size:29px}.elementor-widget-heading .elementor-heading-title.elementor-size-xl{font-size:39px}.elementor-widget-heading .elementor-heading-title.elementor-size-xxl{font-size:59px}<\/style><h6 class=\"elementor-heading-title elementor-size-default\">EROL HAVUZ<\/h6>\t\t<\/div>\n\t\t\t\t<\/div>\n\t\t\t\t<div class=\"elementor-element elementor-element-a20e3cf elementor-widget elementor-widget-heading\" data-id=\"a20e3cf\" data-element_type=\"widget\" data-widget_type=\"heading.default\">\n\t\t\t\t<div class=\"elementor-widget-container\">\n\t\t\t<h1 class=\"elementor-heading-title elementor-size-default\">S\u0131k Sorulan Sorular<\/h1>\t\t<\/div>\n\t\t\t\t<\/div>\n\t\t\t\t<div class=\"elementor-element elementor-element-25ae3d9 elementor-widget elementor-widget-heading\" data-id=\"25ae3d9\" data-element_type=\"widget\" data-widget_type=\"heading.default\">\n\t\t\t\t<div class=\"elementor-widget-container\">\n\t\t\t<h5 class=\"elementor-heading-title elementor-size-default\">SIK SORULAN SORULAR ve CEVAPLARINI sizler i\u00e7in derledim.<\/h5>\t\t<\/div>\n\t\t\t\t<\/div>\n\t\t\t\t\t<\/div>\n\t\t<\/div>\n\t\t\t\t<div class=\"elementor-column elementor-col-50 elementor-inner-column elementor-element elementor-element-771c83c\" data-id=\"771c83c\" data-element_type=\"column\">\n\t\t\t<div class=\"elementor-widget-wrap elementor-element-populated\">\n\t\t\t\t\t\t\t\t<div class=\"elementor-element elementor-element-0abff83 elementor-widget elementor-widget-image\" data-id=\"0abff83\" data-element_type=\"widget\" data-widget_type=\"image.default\">\n\t\t\t\t<div class=\"elementor-widget-container\">\n\t\t\t<style>\/*! elementor - v3.18.0 - 06-12-2023 *\/\n.elementor-widget-image{text-align:center}.elementor-widget-image a{display:inline-block}.elementor-widget-image a img[src$=\".svg\"]{width:48px}.elementor-widget-image img{vertical-align:middle;display:inline-block}<\/style>\t\t\t\t\t\t\t\t\t\t\t\t<img decoding=\"async\" width=\"1\" height=\"1\" src=\"https:\/\/www.erolhavuz.com\/wp-content\/uploads\/2022\/10\/bedoctor-packages-pic1.webp\" class=\"attachment-large size-large wp-image-99\" alt=\"\" \/>\t\t\t\t\t\t\t\t\t\t\t\t\t\t\t<\/div>\n\t\t\t\t<\/div>\n\t\t\t\t\t<\/div>\n\t\t<\/div>\n\t\t\t\t\t\t\t<\/div>\n\t\t<\/section>\n\t\t\t\t\t<\/div>\n\t\t<\/div>\n\t\t\t\t\t\t\t<\/div>\n\t\t<\/section>\n\t\t\t\t<section class=\"elementor-section elementor-top-section elementor-element elementor-element-20c92f7 elementor-section-full_width elementor-section-stretched elementor-section-height-default elementor-section-height-default parallax_section_no qode_elementor_container_no\" data-id=\"20c92f7\" data-element_type=\"section\" data-settings=\"{&quot;stretch_section&quot;:&quot;section-stretched&quot;}\">\n\t\t\t\t\t\t<div class=\"elementor-container elementor-column-gap-wider\">\n\t\t\t\t\t<div class=\"elementor-column elementor-col-100 elementor-top-column elementor-element elementor-element-0c45c5b\" data-id=\"0c45c5b\" data-element_type=\"column\">\n\t\t\t<div class=\"elementor-widget-wrap elementor-element-populated\">\n\t\t\t\t\t\t\t\t<section class=\"elementor-section elementor-inner-section elementor-element elementor-element-3868c9a elementor-section-boxed elementor-section-height-default elementor-section-height-default parallax_section_no qode_elementor_container_no\" data-id=\"3868c9a\" data-element_type=\"section\" data-settings=\"{&quot;background_background&quot;:&quot;classic&quot;}\">\n\t\t\t\t\t\t<div class=\"elementor-container elementor-column-gap-default\">\n\t\t\t\t\t<div class=\"elementor-column elementor-col-100 elementor-inner-column elementor-element elementor-element-d33c264\" data-id=\"d33c264\" data-element_type=\"column\" data-settings=\"{&quot;background_background&quot;:&quot;classic&quot;}\">\n\t\t\t<div class=\"elementor-widget-wrap elementor-element-populated\">\n\t\t\t\t\t\t\t\t<div class=\"elementor-element elementor-element-a12667e elementor-widget elementor-widget-heading\" data-id=\"a12667e\" data-element_type=\"widget\" data-widget_type=\"heading.default\">\n\t\t\t\t<div class=\"elementor-widget-container\">\n\t\t\t<h2 class=\"elementor-heading-title elementor-size-default\">S\u0131k Sorulan Sorular<\/h2>\t\t<\/div>\n\t\t\t\t<\/div>\n\t\t\t\t<div class=\"elementor-element elementor-element-9bc099e elementor-widget elementor-widget-accordion\" data-id=\"9bc099e\" data-element_type=\"widget\" data-widget_type=\"accordion.default\">\n\t\t\t\t<div class=\"elementor-widget-container\">\n\t\t\t<style>\/*! elementor - v3.18.0 - 06-12-2023 *\/\n.elementor-accordion{text-align:left}.elementor-accordion .elementor-accordion-item{border:1px solid #d5d8dc}.elementor-accordion .elementor-accordion-item+.elementor-accordion-item{border-top:none}.elementor-accordion .elementor-tab-title{margin:0;padding:15px 20px;font-weight:700;line-height:1;cursor:pointer;outline:none}.elementor-accordion .elementor-tab-title .elementor-accordion-icon{display:inline-block;width:1.5em}.elementor-accordion .elementor-tab-title .elementor-accordion-icon svg{width:1em;height:1em}.elementor-accordion .elementor-tab-title .elementor-accordion-icon.elementor-accordion-icon-right{float:right;text-align:right}.elementor-accordion .elementor-tab-title .elementor-accordion-icon.elementor-accordion-icon-left{float:left;text-align:left}.elementor-accordion .elementor-tab-title .elementor-accordion-icon .elementor-accordion-icon-closed{display:block}.elementor-accordion .elementor-tab-title .elementor-accordion-icon .elementor-accordion-icon-opened,.elementor-accordion .elementor-tab-title.elementor-active .elementor-accordion-icon-closed{display:none}.elementor-accordion .elementor-tab-title.elementor-active .elementor-accordion-icon-opened{display:block}.elementor-accordion .elementor-tab-content{display:none;padding:15px 20px;border-top:1px solid #d5d8dc}@media (max-width:767px){.elementor-accordion .elementor-tab-title{padding:12px 15px}.elementor-accordion .elementor-tab-title .elementor-accordion-icon{width:1.2em}.elementor-accordion .elementor-tab-content{padding:7px 15px}}.e-con-inner>.elementor-widget-accordion,.e-con>.elementor-widget-accordion{width:var(--container-widget-width);--flex-grow:var(--container-widget-flex-grow)}<\/style>\t\t<div class=\"elementor-accordion\">\n\t\t\t\t\t\t\t<div class=\"elementor-accordion-item\">\n\t\t\t\t\t<div id=\"elementor-tab-title-1631\" class=\"elementor-tab-title\" data-tab=\"1\" role=\"button\" aria-controls=\"elementor-tab-content-1631\" aria-expanded=\"false\">\n\t\t\t\t\t\t\t\t\t\t\t\t\t<span class=\"elementor-accordion-icon elementor-accordion-icon-left\" aria-hidden=\"true\">\n\t\t\t\t\t\t\t\t\t\t\t\t\t\t\t<span class=\"elementor-accordion-icon-closed\"><i class=\"fas fa-plus\"><\/i><\/span>\n\t\t\t\t\t\t\t\t<span class=\"elementor-accordion-icon-opened\"><i class=\"fas fa-minus\"><\/i><\/span>\n\t\t\t\t\t\t\t\t\t\t\t\t\t\t<\/span>\n\t\t\t\t\t\t\t\t\t\t\t\t<a class=\"elementor-accordion-title\" tabindex=\"0\">Katarakt tam geli\u015fmeden ameliyat\u0131 m\u00fcmk\u00fcn m\u00fc?<\/a>\n\t\t\t\t\t<\/div>\n\t\t\t\t\t<div id=\"elementor-tab-content-1631\" class=\"elementor-tab-content elementor-clearfix\" data-tab=\"1\" role=\"region\" aria-labelledby=\"elementor-tab-title-1631\"><p>Katarakt cerrahisi onlarca y\u0131l \u00f6ncesi ile kar\u015f\u0131la\u015ft\u0131r\u0131ld\u0131\u011f\u0131nda g\u00fcn\u00fcm\u00fczde \u00e7ok daha modern teknik ve teknoloji ile yap\u0131lmaktad\u0131r. \u00d6nceleri iyice g\u00f6rme azalmadan cerrahi yap\u0131lmamaktayd\u0131. G\u00fcn\u00fcm\u00fczde ise hastalar\u0131n ihtiya\u00e7lar\u0131 ve g\u00fcnl\u00fck ya\u015fam aktivitelerini aksatacak kadar g\u00f6rmede azalma katarakt cerrahisi zamanlamas\u0131 i\u00e7in \u00f6nmlidir. Bu y\u00fczden katarakt tam geli\u015fmeden saha erken ameliyat edilmektedir.\u00a0<\/p><\/div>\n\t\t\t\t<\/div>\n\t\t\t\t\t\t\t<div class=\"elementor-accordion-item\">\n\t\t\t\t\t<div id=\"elementor-tab-title-1632\" class=\"elementor-tab-title\" data-tab=\"2\" role=\"button\" aria-controls=\"elementor-tab-content-1632\" aria-expanded=\"false\">\n\t\t\t\t\t\t\t\t\t\t\t\t\t<span class=\"elementor-accordion-icon elementor-accordion-icon-left\" aria-hidden=\"true\">\n\t\t\t\t\t\t\t\t\t\t\t\t\t\t\t<span class=\"elementor-accordion-icon-closed\"><i class=\"fas fa-plus\"><\/i><\/span>\n\t\t\t\t\t\t\t\t<span class=\"elementor-accordion-icon-opened\"><i class=\"fas fa-minus\"><\/i><\/span>\n\t\t\t\t\t\t\t\t\t\t\t\t\t\t<\/span>\n\t\t\t\t\t\t\t\t\t\t\t\t<a class=\"elementor-accordion-title\" tabindex=\"0\">G\u00f6z tansiyonununda erken te\u015fhisi neden \u00e7ok \u00f6nemlidir?<\/a>\n\t\t\t\t\t<\/div>\n\t\t\t\t\t<div id=\"elementor-tab-content-1632\" class=\"elementor-tab-content elementor-clearfix\" data-tab=\"2\" role=\"region\" aria-labelledby=\"elementor-tab-title-1632\"><p>G\u00f6z tansiyonu bazen kendini \u015fiddetli g\u00f6z a\u011fr\u0131s\u0131, ba\u015f a\u011fr\u0131s\u0131, bulan\u0131k g\u00f6rme ve k\u0131zar\u0131kl\u0131kla kendini g\u00f6sterir. Hastalar\u0131n \u00e7ok b\u00fcy\u00fck b\u00f6l\u00fcm\u00fcnde ise hastal\u0131k sinsice ilerler ve hastalar g\u00f6rmeleri\u00a0 iyice azalmadan hastal\u0131\u011f\u0131 fark edemezler. G\u00f6z tansiyonuna ba\u011fl\u0131 sinir hasar\u0131na ve g\u00f6r\u00fc\u015f alan\u0131ndaki bozukluk maalesef tedavi ile geri d\u00f6nd\u00fcr\u00fclemez.\u00a0<\/p><\/div>\n\t\t\t\t<\/div>\n\t\t\t\t\t\t\t<div class=\"elementor-accordion-item\">\n\t\t\t\t\t<div id=\"elementor-tab-title-1633\" class=\"elementor-tab-title\" data-tab=\"3\" role=\"button\" aria-controls=\"elementor-tab-content-1633\" aria-expanded=\"false\">\n\t\t\t\t\t\t\t\t\t\t\t\t\t<span class=\"elementor-accordion-icon elementor-accordion-icon-left\" aria-hidden=\"true\">\n\t\t\t\t\t\t\t\t\t\t\t\t\t\t\t<span class=\"elementor-accordion-icon-closed\"><i class=\"fas fa-plus\"><\/i><\/span>\n\t\t\t\t\t\t\t\t<span class=\"elementor-accordion-icon-opened\"><i class=\"fas fa-minus\"><\/i><\/span>\n\t\t\t\t\t\t\t\t\t\t\t\t\t\t<\/span>\n\t\t\t\t\t\t\t\t\t\t\t\t<a class=\"elementor-accordion-title\" tabindex=\"0\">Bebeklerde ve eri\u015fkinlerde  katarakt tedavisi farkl\u0131 m\u0131d\u0131r?<\/a>\n\t\t\t\t\t<\/div>\n\t\t\t\t\t<div id=\"elementor-tab-content-1633\" class=\"elementor-tab-content elementor-clearfix\" data-tab=\"3\" role=\"region\" aria-labelledby=\"elementor-tab-title-1633\"><p>Bebek ve eri\u015fkin\u00a0 kataraktlar\u0131 ameliyat tekni\u011fi a\u00e7\u0131s\u0131ndan kesinlikle \u00e7ok farkl\u0131d\u0131r. 2 ya\u015f alt\u0131ndaki bebeklerde g\u00f6z i\u00e7ine mercek tak\u0131lmaz ve \u00f6n vitrektomi denilen bir i\u015flem uygula\u0131r. Mercek ancak 3-4 ya\u015flar\u0131nda g\u00f6z iyice geli\u015ftikten sonra tak\u0131l\u0131r. Eri\u015fkin kataraktlar\u0131na diki\u015f konulmazken bebek kataraktlar\u0131nda konulmas\u0131 gerekir.<\/p><\/div>\n\t\t\t\t<\/div>\n\t\t\t\t\t\t\t<div class=\"elementor-accordion-item\">\n\t\t\t\t\t<div id=\"elementor-tab-title-1634\" class=\"elementor-tab-title\" data-tab=\"4\" role=\"button\" aria-controls=\"elementor-tab-content-1634\" aria-expanded=\"false\">\n\t\t\t\t\t\t\t\t\t\t\t\t\t<span class=\"elementor-accordion-icon elementor-accordion-icon-left\" aria-hidden=\"true\">\n\t\t\t\t\t\t\t\t\t\t\t\t\t\t\t<span class=\"elementor-accordion-icon-closed\"><i class=\"fas fa-plus\"><\/i><\/span>\n\t\t\t\t\t\t\t\t<span class=\"elementor-accordion-icon-opened\"><i class=\"fas fa-minus\"><\/i><\/span>\n\t\t\t\t\t\t\t\t\t\t\t\t\t\t<\/span>\n\t\t\t\t\t\t\t\t\t\t\t\t<a class=\"elementor-accordion-title\" tabindex=\"0\">Bebeklerde her \u015fa\u015f\u0131l\u0131k ameliyat edilmelimi dir?<\/a>\n\t\t\t\t\t<\/div>\n\t\t\t\t\t<div id=\"elementor-tab-content-1634\" class=\"elementor-tab-content elementor-clearfix\" data-tab=\"4\" role=\"region\" aria-labelledby=\"elementor-tab-title-1634\"><p>Bebeklerdeki\u00a0 g\u00f6r\u00fclen her \u015fa\u015f\u0131l\u0131k ameliyat gerektirmez. Bebekli\u011fin ilk d\u00f6nemlerinde\u00a0 kas ve sinirler tam olarak geli\u015fmemi\u015ftir. Beyinin g\u00f6z hareketlerini kontrol etmedeki yetersizli\u011fine ba\u011fl\u0131 zaman zaman \u015fa\u015f\u0131l\u0131k g\u00f6r\u00fclebilir. Bu durumdaki \u015fa\u015f\u0131l\u0131klar genellikle 5-6 ay sonra\u00a0 kendili\u011finden d\u00fczelir. Baz\u0131 hastalarda g\u00f6zl\u00fck kullan\u0131m\u0131 ve kapama tedavileri yeterli olmaktad\u0131r. \u015ea\u015f\u0131l\u0131\u011fa yol a\u00e7an serabral palsi gibi n\u00f6rolojik hastal\u0131klar, konjenital katarakt, herediter sebepler cerrahi olarak tedavi edilir. Bu y\u00fczden \u015fa\u015f\u0131l\u0131k i\u00e7in rutin g\u00f6z muayenesi yap\u0131larak sebebe g\u00f6re tedavi ve takip \u00f6nerilir.<\/p><\/div>\n\t\t\t\t<\/div>\n\t\t\t\t\t\t\t<div class=\"elementor-accordion-item\">\n\t\t\t\t\t<div id=\"elementor-tab-title-1635\" class=\"elementor-tab-title\" data-tab=\"5\" role=\"button\" aria-controls=\"elementor-tab-content-1635\" aria-expanded=\"false\">\n\t\t\t\t\t\t\t\t\t\t\t\t\t<span class=\"elementor-accordion-icon elementor-accordion-icon-left\" aria-hidden=\"true\">\n\t\t\t\t\t\t\t\t\t\t\t\t\t\t\t<span class=\"elementor-accordion-icon-closed\"><i class=\"fas fa-plus\"><\/i><\/span>\n\t\t\t\t\t\t\t\t<span class=\"elementor-accordion-icon-opened\"><i class=\"fas fa-minus\"><\/i><\/span>\n\t\t\t\t\t\t\t\t\t\t\t\t\t\t<\/span>\n\t\t\t\t\t\t\t\t\t\t\t\t<a class=\"elementor-accordion-title\" tabindex=\"0\">Bilgisayar ve tablet kullan\u0131m\u0131 g\u00f6z bozuklu\u011funa yol a\u00e7ar m\u0131?<\/a>\n\t\t\t\t\t<\/div>\n\t\t\t\t\t<div id=\"elementor-tab-content-1635\" class=\"elementor-tab-content elementor-clearfix\" data-tab=\"5\" role=\"region\" aria-labelledby=\"elementor-tab-title-1635\"><p>Uzun s\u00fcre bilgisayar, tablet veya \u00a0cep telefonu kullan\u0131m\u0131ndan kaynaklanan \u00a0g\u00f6z ve g\u00f6rmeyle ilgili sorunlar\u0131n geneli dijital g\u00f6z yorgunlu\u011fu veya bozuklu\u011fu\u00a0 olarak da adland\u0131r\u0131lmaktad\u0131r. Bu sorunun \u015fiddeti ekrana bak\u0131\u015f s\u00fcresi ile yak\u0131ndan ilgilidir. Ba\u015f a\u011fr\u0131s\u0131, g\u00f6z a\u011fr\u0131s\u0131, boyun, omuz a\u011fr\u0131s\u0131, bulan\u0131k g\u00f6rme ve g\u00f6zlerde kuruma hastalarda en s\u0131k g\u00f6r\u011flen yak\u0131nmalard\u0131r. Semptomlar\u0131 azaltmak i\u00e7in 20-20-20 kural\u0131 uygulanmal\u0131d\u0131r. Her 20 dakikada bir 20 fit(yakla\u015f\u0131k 6 metre) \u00f6tedeki bir \u015feye bakmak i\u00e7in 20 saniye ara verilmedir.<\/p><\/div>\n\t\t\t\t<\/div>\n\t\t\t\t\t\t\t<div class=\"elementor-accordion-item\">\n\t\t\t\t\t<div id=\"elementor-tab-title-1636\" class=\"elementor-tab-title\" data-tab=\"6\" role=\"button\" aria-controls=\"elementor-tab-content-1636\" aria-expanded=\"false\">\n\t\t\t\t\t\t\t\t\t\t\t\t\t<span class=\"elementor-accordion-icon elementor-accordion-icon-left\" aria-hidden=\"true\">\n\t\t\t\t\t\t\t\t\t\t\t\t\t\t\t<span class=\"elementor-accordion-icon-closed\"><i class=\"fas fa-plus\"><\/i><\/span>\n\t\t\t\t\t\t\t\t<span class=\"elementor-accordion-icon-opened\"><i class=\"fas fa-minus\"><\/i><\/span>\n\t\t\t\t\t\t\t\t\t\t\t\t\t\t<\/span>\n\t\t\t\t\t\t\t\t\t\t\t\t<a class=\"elementor-accordion-title\" tabindex=\"0\">G\u00f6zde  u\u00e7u\u015fan cisimler tehlikeli olabilir mi?<\/a>\n\t\t\t\t\t<\/div>\n\t\t\t\t\t<div id=\"elementor-tab-content-1636\" class=\"elementor-tab-content elementor-clearfix\" data-tab=\"6\" role=\"region\" aria-labelledby=\"elementor-tab-title-1636\"><p>G\u00f6z\u00fcn sinir tabakas\u0131n\u0131n \u00f6n\u00fcndeki\u00a0 jel yap\u0131daki s\u0131v\u0131 \u00a0vitreus olarak adland\u0131r\u0131l\u0131r. .Ya\u015f ilerledik\u00e7e bu jelin yap\u0131s\u0131 bozulmaya ba\u015flar ve s\u0131v\u0131 dolu bo\u015fluklar olu\u015fur. Hem bu s\u0131v\u0131 yap\u0131daki jel hem de s\u0131v\u0131 i\u00e7inde toplanan materyallerin g\u00f6lgeleri sinir lifi tabakas\u0131na d\u00fc\u015fer.\u00a0 Bu g\u00f6lgeler suda hareket eden kuyruk , ip ve \u00f6r\u00fcmcek a\u011flar\u0131 \u015feklinde g\u00f6r\u00fcl\u00fcr. U\u015fu\u015fan cisimler g\u00f6z i\u00e7inde retina y\u0131rt\u0131\u011f\u0131\u00a0veya\u00a0retina dekolman olarak adland\u0131r\u0131lan bozukluklar\u0131n habercisi olabilir. Aniden ortaya \u00e7\u0131kan u\u00e7u\u015fmalar tehlikelidir. B\u00f6yle bir durumda hemen\u00a0 g\u00f6z doktoruna ba\u015fvurulmal\u0131d\u0131r. E\u011fer y\u0131rt\u0131k veya dekolman gibi bir bozukluk yoksa bir\u00a0 s\u00fcre sonra yak\u0131nmalar zamanla azal\u0131r.<\/p><p>Hastalardaki\u00a0 yak\u0131nmalar zamanla azalm\u0131yor hatta art\u0131yorsa \u00f6nce medikal tedaviler , YAG lazer uygulamas\u0131 ve en sonuncu olarak\u00a0 vitrektomi ameliyat\u0131 di\u011fer tedavi y\u00f6ntemleridir.<\/p><\/div>\n\t\t\t\t<\/div>\n\t\t\t\t\t\t\t\t<\/div>\n\t\t\t\t<\/div>\n\t\t\t\t<\/div>\n\t\t\t\t\t<\/div>\n\t\t<\/div>\n\t\t\t\t\t\t\t<\/div>\n\t\t<\/section>\n\t\t\t\t\t<\/div>\n\t\t<\/div>\n\t\t\t\t\t\t\t<\/div>\n\t\t<\/section>\n\t\t\t\t<section class=\"elementor-section elementor-top-section elementor-element elementor-element-0165db4 elementor-section-full_width elementor-section-stretched elementor-section-height-default elementor-section-height-default parallax_section_no qode_elementor_container_no\" data-id=\"0165db4\" data-element_type=\"section\" data-settings=\"{&quot;stretch_section&quot;:&quot;section-stretched&quot;}\">\n\t\t\t\t\t\t<div class=\"elementor-container elementor-column-gap-wider\">\n\t\t\t\t\t<div class=\"elementor-column elementor-col-100 elementor-top-column elementor-element elementor-element-79eac12\" data-id=\"79eac12\" data-element_type=\"column\">\n\t\t\t<div class=\"elementor-widget-wrap elementor-element-populated\">\n\t\t\t\t\t\t\t\t<section class=\"elementor-section elementor-inner-section elementor-element elementor-element-dc02ca7 elementor-section-boxed elementor-section-height-default elementor-section-height-default parallax_section_no qode_elementor_container_no\" data-id=\"dc02ca7\" data-element_type=\"section\" data-settings=\"{&quot;background_background&quot;:&quot;classic&quot;}\">\n\t\t\t\t\t\t<div class=\"elementor-container elementor-column-gap-default\">\n\t\t\t\t\t<div class=\"elementor-column elementor-col-100 elementor-inner-column elementor-element elementor-element-158cf86\" data-id=\"158cf86\" data-element_type=\"column\" data-settings=\"{&quot;background_background&quot;:&quot;classic&quot;}\">\n\t\t\t<div class=\"elementor-widget-wrap elementor-element-populated\">\n\t\t\t\t\t\t\t\t<div class=\"elementor-element elementor-element-e44b41d elementor-widget elementor-widget-image\" data-id=\"e44b41d\" data-element_type=\"widget\" data-widget_type=\"image.default\">\n\t\t\t\t<div class=\"elementor-widget-container\">\n\t\t\t\t\t\t\t\t\t\t\t\t\t\t\t<img decoding=\"async\" src=\"https:\/\/www.erolhavuz.com\/wp-content\/uploads\/2022\/10\/bedoctor-icon4.svg\" title=\"\" alt=\"\" loading=\"lazy\" \/>\t\t\t\t\t\t\t\t\t\t\t\t\t\t\t<\/div>\n\t\t\t\t<\/div>\n\t\t\t\t<div class=\"elementor-element elementor-element-a305b58 elementor-widget__width-initial elementor-widget elementor-widget-heading\" data-id=\"a305b58\" data-element_type=\"widget\" data-widget_type=\"heading.default\">\n\t\t\t\t<div class=\"elementor-widget-container\">\n\t\t\t<h3 class=\"elementor-heading-title elementor-size-default\"><span style=\"color:#FFE8DA\">Beklemeyin<\/span> Bug\u00fcn randevu olu\u015fturun<\/h3>\t\t<\/div>\n\t\t\t\t<\/div>\n\t\t\t\t<div class=\"elementor-element elementor-element-db10385 elementor-mobile-align-center elementor-widget-tablet__width-inherit elementor-align-center elementor-widget elementor-widget-button\" data-id=\"db10385\" data-element_type=\"widget\" data-widget_type=\"button.default\">\n\t\t\t\t<div class=\"elementor-widget-container\">\n\t\t\t\t\t<div class=\"elementor-button-wrapper\">\n\t\t\t<a class=\"elementor-button elementor-button-link elementor-size-sm\" href=\"https:\/\/www.erolhavuz.com\/en\/iletisim\/\">\n\t\t\t\t\t\t<span class=\"elementor-button-content-wrapper\">\n\t\t\t\t\t\t<span class=\"elementor-button-text\">HEMEN RANDEVU<\/span>\n\t\t<\/span>\n\t\t\t\t\t<\/a>\n\t\t<\/div>\n\t\t\t\t<\/div>\n\t\t\t\t<\/div>\n\t\t\t\t\t<\/div>\n\t\t<\/div>\n\t\t\t\t\t\t\t<\/div>\n\t\t<\/section>\n\t\t\t\t\t<\/div>\n\t\t<\/div>\n\t\t\t\t\t\t\t<\/div>\n\t\t<\/section>\n\t\t\t\t\t\t\t<\/div>","protected":false},"excerpt":{"rendered":"<p>EROL HAVUZ S\u0131k Sorulan Sorular SIK SORULAN SORULAR ve CEVAPLARINI sizler i\u00e7in derledim. S\u0131k Sorulan Sorular Katarakt tam geli\u015fmeden ameliyat\u0131 m\u00fcmk\u00fcn m\u00fc? Katarakt cerrahisi onlarca y\u0131l \u00f6ncesi ile kar\u015f\u0131la\u015ft\u0131r\u0131ld\u0131\u011f\u0131nda g\u00fcn\u00fcm\u00fczde \u00e7ok daha modern teknik ve teknoloji ile yap\u0131lmaktad\u0131r. \u00d6nceleri iyice g\u00f6rme azalmadan cerrahi yap\u0131lmamaktayd\u0131. G\u00fcn\u00fcm\u00fczde&#8230;<\/p>","protected":false},"author":1,"featured_media":0,"parent":0,"menu_order":0,"comment_status":"open","ping_status":"closed","template":"","meta":[],"_links":{"self":[{"href":"https:\/\/www.erolhavuz.com\/en\/wp-json\/wp\/v2\/pages\/17"}],"collection":[{"href":"https:\/\/www.erolhavuz.com\/en\/wp-json\/wp\/v2\/pages"}],"about":[{"href":"https:\/\/www.erolhavuz.com\/en\/wp-json\/wp\/v2\/types\/page"}],"author":[{"embeddable":true,"href":"https:\/\/www.erolhavuz.com\/en\/wp-json\/wp\/v2\/users\/1"}],"replies":[{"embeddable":true,"href":"https:\/\/www.erolhavuz.com\/en\/wp-json\/wp\/v2\/comments?post=17"}],"version-history":[{"count":0,"href":"https:\/\/www.erolhavuz.com\/en\/wp-json\/wp\/v2\/pages\/17\/revisions"}],"wp:attachment":[{"href":"https:\/\/www.erolhavuz.com\/en\/wp-json\/wp\/v2\/media?parent=17"}],"curies":[{"name":"wp","href":"https:\/\/api.w.org\/{rel}","templated":true}]}}